{"id":621,"date":"2018-01-31T13:44:36","date_gmt":"2018-01-31T11:44:36","guid":{"rendered":"http:\/\/ducky.com\/?page_id=621"},"modified":"2026-03-26T15:03:08","modified_gmt":"2026-03-26T13:03:08","slug":"dealers","status":"publish","type":"page","link":"https:\/\/ducky.com.ua\/uk\/dealers\/","title":{"rendered":"\u0414\u0438\u043b\u0435\u0440\u0438"},"content":{"rendered":"<div class=\"infoblock-row\">\nIf there is not of our dealer in your country &#8211; <span style=\"text-decoration: underline;\"><a href=\"https:\/\/ducky.com.ua\/contacts\/\">please contact us<\/a><\/span><\/p>\n<\/div>\n<div class=\"infoblock-row\">\n<div class=\"infoblock-body\">\n<h5>BULGARIA and EU<\/h5>\n<p style=\"text-align: justify;\">Ducky Lab<br \/>\n9630 Harmony Hills<br \/>\nVarna, Bulgaria<br \/>\ntel. +359882590386<br \/>\ntel.\/Viber\/Whatsapp +380674081080<br \/>\nWebsite: <span style=\"text-decoration: underline;\"><a title=\"www.ducky.org.uk\" href=\"https:\/\/www.duckylab.com\/\" target=\"_blank\" rel=\"noopener noreferrer\">www.duckylab.com<\/a><\/span><br \/>\ne-mail: duckylabcat@gmail.com<\/p>\n<\/div>\n<\/div>\n<div class=\"infoblock-row\">\n<div class=\"infoblock-body\">\n<h5>ESTONIA and FINLAND<\/h5>\n<p style=\"text-align: justify;\">Maa ja Ilm O\u00dc<br \/>\nMaantee, Saunja<br \/>\nL\u00e4\u00e4ne-Nigula vald<br \/>\nL\u00e4\u00e4ne maakond<br \/>\nEstonia 91021<br \/>\ntel. +372 56 223456<br \/>\nWebsite: <span style=\"text-decoration: underline;\"><a title=\"purjepart.saunja.ee\" href=\"https:\/\/purjepart.saunja.ee\/\" target=\"_blank\" rel=\"noopener noreferrer\">purjepart.saunja.ee<\/a><\/span><br \/>\ne-mail: priit@revaler.ee<\/p>\n<\/div>\n<\/div>\n<div class=\"infoblock-row\">\n<div class=\"infoblock-body\">\n<h5>GERMANY and EU<\/h5>\n<p style=\"text-align: justify;\">\nInflatable Solution KGT<br \/>\nPfarrstr 2<br \/>\n70734 Fellbach<br \/>\nGermany<br \/>\nTel.: +49 711 300 30 96<br \/>\nFax: +49 711 300 30 97<br \/>\nWebsite: <span style=\"text-decoration: underline;\"><a title=\"www.justducky.de\" href=\"http:\/\/www.justducky.de\/\" target=\"_blank\" rel=\"noopener noreferrer\">www.justducky.de<\/a><\/span><br \/>\nE-mail: ducky@inflatable-catamarans.com<\/p>\n<\/div>\n<\/div>\n<div class=\"infoblock-row\">\n<div class=\"infoblock-body\">\n<h5>GERMANY and EU<\/h5>\n<p style=\"text-align: justify;\">Oliver Thal<br \/>\nSudostallee 185<br \/>\n12487 Berlin<br \/>\nGermany<br \/>\nYouTube: <span style=\"text-decoration: underline;\"><a title=\"Cat-2-go\" href=\"https:\/\/www.youtube.com\/@cat-2-go\/\" target=\"_blank\" rel=\"noopener noreferrer\">Cat-2-go<\/a><\/span><br \/>\nE-mail: olli.thal@gmx.de<\/p>\n<\/div>\n<\/div>\n<div class=\"infoblock-row\">\n<div class=\"infoblock-body\">\n<h5>GREECE and EU<\/h5>\n<p style=\"text-align: justify;\">Ducky Lab<br \/>\n180 030 Marina Methanon<br \/>\nMethana<br \/>\nAthens, Greece<br \/>\ntel. +359882590386<br \/>\ntel.\/Viber\/Whatsapp +380674081080<br \/>\nWebsite: <span style=\"text-decoration: underline;\"><a title=\"www.ducky.org.uk\" href=\"https:\/\/www.duckylab.com\/\" target=\"_blank\" rel=\"noopener noreferrer\">www.duckylab.com<\/a><\/span><br \/>\ne-mail: duckylabcat@gmail.com<\/p>\n<\/div>\n<\/div>\n<div class=\"infoblock-row\">\n<div class=\"infoblock-body\">\n<h5>HONG KONG<\/h5>\n<p style=\"text-align: justify;\">\nEcbc outdoor sports<br \/>\nG\/F 171 Pak Kong New Village<br \/>\nSai kung, N.T., Hong Kong<br \/>\nPhone\/ Whatsapp +852 92396081<br \/>\nWebsite: <span style=\"text-decoration: underline;\"><a href=\"https:\/\/outdoor.ecbc.com.hk\/product-category\/sail-boat-dinghy\/ducky\/\" target=\"_blank\" rel=\"noopener noreferrer\">outdoor.ecbc.com.hk<\/a><\/span><br \/>\nFacebook: <span style=\"text-decoration: underline;\"><a href=\"https:\/\/www.facebook.com\/Ecbc.outdoor.sports\/\" target=\"_blank\" rel=\"noopener noreferrer\">Ecbc outdoor sports<\/a><\/span><\/p>\n<\/div>\n<\/div>\n<div class=\"infoblock-row\">\n<div class=\"infoblock-body\">\n<h5>LITHUANIA and EU<\/h5>\n<p style=\"text-align: justify;\">\nIT Muzika PI<br \/>\nVilnius \/ Klaip\u0117da<br \/>\nLithuania<br \/>\nPhone: +37061483641<br \/>\nWebsite: <span style=\"text-decoration: underline;\"><a href=\"http:\/\/www.ducky.lt\/\" target=\"_blank\" rel=\"noopener noreferrer\">www.ducky.lt<\/a><\/span><br \/>\nFacebook: <span style=\"text-decoration: underline;\"><a href=\"https:\/\/www.facebook.com\/DuckyLietuva\/\" target=\"_blank\" rel=\"noopener noreferrer\">Ducky &#8211; pripu\u010diami buriniai katamaranai<\/a><\/span><br \/>\nE-mail: info@ducky.lt<\/p>\n<\/div>\n<\/div>\n<div class=\"infoblock-row\">\n<div class=\"infoblock-body\">\n<h5>SWEDEN and EU<\/h5>\n<p style=\"text-align: justify;\">\nStockholm<br \/>\nSweden<br \/>\nPhone: +46736645577<br \/>\nWebsite: <span style=\"text-decoration: underline;\"><a href=\"http:\/\/www.ducky.nu\/\" target=\"_blank\" rel=\"noopener noreferrer\">www.ducky.nu<\/a><\/span><br \/>\nFacebook: <span style=\"text-decoration: underline;\"><a href=\"https:\/\/www.facebook.com\/DuckySverige\/\" target=\"_blank\" rel=\"noopener noreferrer\">Ducky &#8211; uppbl\u00e5sbara katamaraner<\/a><\/span><br \/>\nE-mail: info@ducky.nu<\/p>\n<\/div>\n<\/div>\n<div class=\"infoblock-row\">\n<div class=\"infoblock-body\">\n<h5>TURKEY<\/h5>\n<p style=\"text-align: justify;\">IMBAT YELKEN<br \/>\nMaltepe\/Istanbul<br \/>\nMr.M.Kemal AKALIN<br \/>\nTURKEY<br \/>\nPhone\/Whatsup +90 542 4608010<br \/>\nE-mail: imbatyelken@hotmail.com<\/p>\n<\/div>\n<\/div>\n<div class=\"infoblock-row\">\n<div class=\"infoblock-body\">\n<h5>UNITED KINGDOM and EU<\/h5>\n<p style=\"text-align: justify;\">\nAnna Berry<br \/>\nMaidenhead, Berkshire, UK<br \/>\nPhone: +447814299089<br \/>\nWebsite: <span style=\"text-decoration: underline;\"><a title=\"www.ducky.org.uk\" href=\"https:\/\/www.ducky.org.uk\/\" target=\"_blank\" rel=\"noopener noreferrer\">www.ducky.org.uk<\/a><\/span><br \/>\nE-mail: anna.berry@ducky.org.uk<\/p>\n<\/div>\n<\/div>\n<div class=\"infoblock-row\">\n<div class=\"infoblock-body\">\n<h5>USA<\/h5>\n<p style=\"text-align: justify;\">\nSailing Awaits<br \/>\nPO Box 821015<br \/>\nKenmore, WA 98028<br \/>\nUSA<br \/>\nPhone: +1(206)8801248<br \/>\nWebsite: <span style=\"text-decoration: underline;\"><a href=\"https:\/\/www.sailingawaits.com\/\" target=\"_blank\" rel=\"noopener noreferrer\">www.sailingawaits.com<\/a><\/span><br \/>\nE-mail: help@sailingawaits.com<\/p>\n<\/div>\n<\/div>\n<div class=\"infoblock-row\">\n<div class=\"infoblock-body\">\n<h5>USA<\/h5>\n<p style=\"text-align: justify;\">\nIURII SUKHOLOTIUK<br \/>\nLos Angeles, California<br \/>\nUSA<br \/>\nTel.: +1(310)488-7734<br \/>\nE-mail: duckyus@gmail.com<\/p>\n<\/div>\n<\/div>\n","protected":false},"excerpt":{"rendered":"<p>If there is not of our dealer in your country &#8211; please contact us BULGARIA and EU Ducky Lab 9630 Harmony Hills Varna, Bulgaria tel. +359882590386 tel.\/Viber\/Whatsapp +380674081080 Website: www.duckylab.com e-mail: duckylabcat@gmail.com ESTONIA and FINLAND Maa ja Ilm O\u00dc Maantee, Saunja L\u00e4\u00e4ne-Nigula vald L\u00e4\u00e4ne maakond Estonia 91021 tel. +372 56 223456 Website: purjepart.saunja.ee e-mail: priit@revaler.ee <a class=\"read-more\" href=\"https:\/\/ducky.com.ua\/uk\/dealers\/\">Read More<\/a><\/p>\n","protected":false},"author":2,"featured_media":0,"parent":0,"menu_order":0,"comment_status":"closed","ping_status":"closed","template":"template-full-width.php","meta":{"footnotes":""},"class_list":["post-621","page","type-page","status-publish","hentry"],"_links":{"self":[{"href":"https:\/\/ducky.com.ua\/uk\/wp-json\/wp\/v2\/pages\/621","targetHints":{"allow":["GET"]}}],"collection":[{"href":"https:\/\/ducky.com.ua\/uk\/wp-json\/wp\/v2\/pages"}],"about":[{"href":"https:\/\/ducky.com.ua\/uk\/wp-json\/wp\/v2\/types\/page"}],"author":[{"embeddable":true,"href":"https:\/\/ducky.com.ua\/uk\/wp-json\/wp\/v2\/users\/2"}],"replies":[{"embeddable":true,"href":"https:\/\/ducky.com.ua\/uk\/wp-json\/wp\/v2\/comments?post=621"}],"version-history":[{"count":75,"href":"https:\/\/ducky.com.ua\/uk\/wp-json\/wp\/v2\/pages\/621\/revisions"}],"predecessor-version":[{"id":3246,"href":"https:\/\/ducky.com.ua\/uk\/wp-json\/wp\/v2\/pages\/621\/revisions\/3246"}],"wp:attachment":[{"href":"https:\/\/ducky.com.ua\/uk\/wp-json\/wp\/v2\/media?parent=621"}],"curies":[{"name":"wp","href":"https:\/\/api.w.org\/{rel}","templated":true}]}}