{"id":3924,"date":"2026-04-07T10:40:09","date_gmt":"2026-04-07T08:40:09","guid":{"rendered":"https:\/\/ducky.com.ua\/uk\/?page_id=3924"},"modified":"2026-04-07T18:59:02","modified_gmt":"2026-04-07T16:59:02","slug":"faq","status":"publish","type":"page","link":"https:\/\/ducky.com.ua\/de\/faq\/","title":{"rendered":"FAQ"},"content":{"rendered":"<p style=\"text-align: justify;\">H\u00e4ufig gestellte Fragen:<\/p>\n<div class=\"lightweight-accordion\"><details name=\"faq\"><summary class=\"lightweight-accordion-title\"><span>Was ist \u0432 der Standardkonfiguration enthalten?<br \/>\n<\/span><\/summary><div class=\"lightweight-accordion-body\"><ul class=\"checkmark-list\">\n<li>Der Katamaran ist betriebsbereit, ohne optionales Zubeh\u00f6r<\/li>\n<li>Transporttaschen<\/li>\n<li>Fu\u00dfpumpe<\/li>\n<li>Gedrucktes Benutzerhandbuch<\/li>\n<li>Reparaturset<\/li>\n<\/ul>\n<\/div><\/details><\/div><br \/>\n<div class=\"lightweight-accordion\"><details name=\"faq\"><summary class=\"lightweight-accordion-title\"><span>Wie man bestellt?<\/span><\/summary><div class=\"lightweight-accordion-body\"><ul class=\"checkmark-list\">\n<li>W\u00e4hlen Sie ein Katamaran-Modell und das gew\u00fcnschte optionale Zubeh\u00f6r<\/li>\n<li>Senden Sie Ihre Anfrage an unsere E-Mail-Adresse: <strong><span style=\"color: #006489;\">ducky@ducky.com.ua<\/span><\/strong> oder <span style=\"color: #006489;\"><strong>ducky19s@ukr.net<\/strong><\/span><\/li>\n<li>Bitte geben Sie in Ihrer E-Mail die Adresse an, f\u00fcr die die Versandkosten berechnet werden sollen<\/li>\n<\/ul>\n<\/div><\/details><\/div><br \/>\n<div class=\"lightweight-accordion\"><details name=\"faq\"><summary class=\"lightweight-accordion-title\"><span>Was kostet der Versand?<\/span><\/summary><div class=\"lightweight-accordion-body\"><ul class=\"checkmark-list\">\n<li>Die Versandkosten variieren je nach Lieferregion<\/li>\n<li>Um die genauen Versandkosten berechnen zu k\u00f6nnen, senden Sie bitte Ihre Anfrage an unsere E-Mail-Adresse: <strong><span style=\"color: #006489;\">ducky@ducky.com.ua<\/span><\/strong> oder <span style=\"color: #006489;\"><strong>ducky19s@ukr.net<\/strong><\/span><\/li>\n<li>Geben Sie in Ihrer E-Mail bitte das Katamaran-Modell und die Lieferadresse an, damit wir die Versandkosten berechnen k\u00f6nnen<\/li>\n<\/ul>\n<\/div><\/details><\/div><br \/>\n<div class=\"lightweight-accordion\"><details name=\"faq\"><summary class=\"lightweight-accordion-title\"><span>Wie erfolgt die Zahlung?<\/span><\/summary><div class=\"lightweight-accordion-body\"><ul class=\"checkmark-list\">\n<li>\n<p style=\"text-align: justify;\">Nach Abstimmung der Katamaran-Konfiguration und Unterzeichnung des Vertrages erhalten Sie eine Rechnung, die Sie per Bank\u00fcberweisung bezahlen k\u00f6nnen<\/p>\n<\/li>\n<\/ul>\n<\/div><\/details><\/div><br \/>\n<div class=\"lightweight-accordion\"><details name=\"faq\"><summary class=\"lightweight-accordion-title\"><span>Wie lange sind die Liefer- und Fertigungszeiten?<\/span><\/summary><div class=\"lightweight-accordion-body\"><ul class=\"checkmark-list\">\n<li>\n<p style=\"text-align: justify;\">Aufgrund der gro\u00dfen Auswahl an Konfigurationen stellen wir die endg\u00fcltige Ausstattung direkt f\u00fcr den Kunden zusammen. Bei kleinen Modellen kann die Produktion zwischen einigen Tagen und einer Woche liegen. Bei gro\u00dfen Modellen kann dieser Zeitraum 2\u20133 Wochen betragen. Saisonalit\u00e4t und unsere Produktionsauslastung k\u00f6nnen die Fristen ebenfalls beeinflussen. Im Einzelfall teilen wir dem Kunden mit, wie viel Zeit ben\u00f6tigt wird<\/p>\n<\/li>\n<li>Normalerweise dauert der Versand 5\u20137 Arbeitstage<\/li>\n<\/ul>\n<\/div><\/details><\/div><\/p>\n<p style=\"text-align: justify;\">Sollten Sie noch Fragen haben, k\u00f6nnen Sie sich gerne auf dem f\u00fcr Sie bequemsten Weg <span style=\"text-decoration: underline;\"><a href=\"https:\/\/ducky.com.ua\/de\/contacts\/\">an uns wenden<\/a><\/span>.<\/p>\n","protected":false},"excerpt":{"rendered":"<p>H\u00e4ufig gestellte Fragen: Sollten Sie noch Fragen haben, k\u00f6nnen Sie sich gerne auf dem f\u00fcr Sie bequemsten Weg an uns wenden.<\/p>\n","protected":false},"author":2,"featured_media":0,"parent":0,"menu_order":0,"comment_status":"closed","ping_status":"closed","template":"","meta":{"footnotes":""},"class_list":["post-3924","page","type-page","status-publish","hentry"],"_links":{"self":[{"href":"https:\/\/ducky.com.ua\/de\/wp-json\/wp\/v2\/pages\/3924","targetHints":{"allow":["GET"]}}],"collection":[{"href":"https:\/\/ducky.com.ua\/de\/wp-json\/wp\/v2\/pages"}],"about":[{"href":"https:\/\/ducky.com.ua\/de\/wp-json\/wp\/v2\/types\/page"}],"author":[{"embeddable":true,"href":"https:\/\/ducky.com.ua\/de\/wp-json\/wp\/v2\/users\/2"}],"replies":[{"embeddable":true,"href":"https:\/\/ducky.com.ua\/de\/wp-json\/wp\/v2\/comments?post=3924"}],"version-history":[{"count":74,"href":"https:\/\/ducky.com.ua\/de\/wp-json\/wp\/v2\/pages\/3924\/revisions"}],"predecessor-version":[{"id":4028,"href":"https:\/\/ducky.com.ua\/de\/wp-json\/wp\/v2\/pages\/3924\/revisions\/4028"}],"wp:attachment":[{"href":"https:\/\/ducky.com.ua\/de\/wp-json\/wp\/v2\/media?parent=3924"}],"curies":[{"name":"wp","href":"https:\/\/api.w.org\/{rel}","templated":true}]}}